{"id":3599,"date":"2025-10-09T00:36:36","date_gmt":"2025-10-08T21:36:36","guid":{"rendered":"https:\/\/raulwalter.com\/declaracion-de-accesibilidad\/"},"modified":"2026-01-10T11:57:29","modified_gmt":"2026-01-10T09:57:29","slug":"declaracion-de-accesibilidad","status":"publish","type":"page","link":"https:\/\/raulwalter.com\/es\/declaracion-de-accesibilidad\/","title":{"rendered":"Declaraci\u00f3n de accesibilidad"},"content":{"rendered":"\n<h3 class=\"wp-block-heading\">Estado de cumplimiento<\/h3>\n\n<p>Para cumplir con esto, nuestro objetivo es adherirnos lo m\u00e1s estrictamente posible a las Directrices de Accesibilidad para el Contenido Web 2.1 (WCAG 2.1) del Consorcio World Wide Web (W3C) en el nivel AA. Estas directrices explican c\u00f3mo hacer que el contenido web sea accesible para personas con una amplia gama de discapacidades. Cumplir con estas directrices nos ayuda a garantizar que el sitio web sea accesible para todas las personas: personas ciegas, personas con discapacidades motoras, discapacidad visual, discapacidades cognitivas y m\u00e1s.  <\/p>\n\n<p>Este sitio web utiliza diversas tecnolog\u00edas destinadas a que sea lo m\u00e1s accesible posible en todo momento. Utilizamos una interfaz de accesibilidad que permite a las personas con discapacidades espec\u00edficas ajustar la interfaz de usuario (UI) del sitio web y dise\u00f1arla seg\u00fan sus necesidades personales. <\/p>\n\n<p>Adem\u00e1s, el sitio web utiliza una aplicaci\u00f3n basada en IA que se ejecuta en segundo plano y optimiza constantemente su nivel de accesibilidad. Esta aplicaci\u00f3n corrige el HTML del sitio web, adapta su funcionalidad y comportamiento para los lectores de pantalla utilizados por los usuarios ciegos y para las funciones de teclado utilizadas por personas con discapacidades motoras. <\/p>\n\n<p>Si ha encontrado un fallo o tiene ideas para mejorar, estaremos encantados de escucharlas. Puede ponerse en contacto con los operadores del sitio web utilizando el siguiente correo electr\u00f3nico <\/p>\n\n<h3 class=\"wp-block-heading\">Lector de pantalla y navegaci\u00f3n con el teclado<\/h3>\n\n<p>Nuestro sitio web implementa la t\u00e9cnica de atributos ARIA (Aplicaciones de Internet Enriquecidas Accesibles), junto con varios cambios de comportamiento diferentes, para garantizar que los usuarios ciegos que visitan con lectores de pantalla puedan leer, comprender y disfrutar de las funciones del sitio web. Tan pronto como un usuario con un lector de pantalla entra en su sitio, recibe inmediatamente un mensaje para que entre en el perfil del lector de pantalla y pueda navegar y operar su sitio de forma eficaz. A continuaci\u00f3n, se explica c\u00f3mo nuestro sitio web cubre algunos de los requisitos m\u00e1s importantes del lector de pantalla, junto con capturas de pantalla de la consola de ejemplos de c\u00f3digo:  <\/p>\n\n<ol class=\"wp-block-list\">\n<li><strong>Optimizaci\u00f3n del lector de pantalla:<\/strong> ejecutamos un proceso en segundo plano que aprende los componentes del sitio web de arriba a abajo, para garantizar el cumplimiento continuo incluso al actualizar el sitio web. En este proceso, proporcionamos a los lectores de pantalla datos significativos utilizando el conjunto de atributos ARIA. Por ejemplo, proporcionamos etiquetas de formulario precisas; descripciones para iconos accionables (iconos de redes sociales, iconos de b\u00fasqueda, iconos de carrito, etc.); orientaci\u00f3n de validaci\u00f3n para las entradas de formulario; roles de elementos como botones, men\u00fas, di\u00e1logos modales (ventanas emergentes) y otros. Adem\u00e1s, el proceso en segundo plano escanea todas las im\u00e1genes del sitio web y proporciona una descripci\u00f3n precisa y significativa basada en el reconocimiento de objetos de imagen como una etiqueta ALT (texto alternativo) para las im\u00e1genes que no est\u00e1n descritas. Tambi\u00e9n extraer\u00e1 los textos que est\u00e9n incrustados dentro de la imagen, utilizando una tecnolog\u00eda OCR (reconocimiento \u00f3ptico de caracteres). Para activar los ajustes del lector de pantalla en cualquier momento, los usuarios solo tienen que pulsar la combinaci\u00f3n de teclas Alt+1. Los usuarios de lectores de pantalla tambi\u00e9n reciben anuncios autom\u00e1ticos para activar el modo de lector de pantalla tan pronto como entran en el sitio web. Estos ajustes son compatibles con todos los lectores de pantalla populares, incluidos JAWS y NVDA.      <\/li>\n\n\n\n<li><strong>Optimizaci\u00f3n de la navegaci\u00f3n con el teclado:<\/strong> el proceso en segundo plano tambi\u00e9n ajusta el HTML del sitio web y a\u00f1ade varios comportamientos utilizando c\u00f3digo JavaScript para que el sitio web pueda ser operado con el teclado. Esto incluye la capacidad de navegar por el sitio web utilizando las teclas Tab y May\u00fas+Tab, operar los men\u00fas desplegables con las teclas de flecha, cerrarlos con Esc, activar los botones y enlaces utilizando la tecla Intro, navegar entre los elementos de radio y casilla de verificaci\u00f3n utilizando las teclas de flecha y rellenarlos con la barra espaciadora o la tecla Intro. Adem\u00e1s, los usuarios de teclado encontrar\u00e1n men\u00fas de navegaci\u00f3n r\u00e1pida y de omisi\u00f3n de contenido, disponibles en cualquier momento haciendo clic en Alt+1, o como los primeros elementos del sitio mientras navegan con el teclado. El proceso en segundo plano tambi\u00e9n gestiona las ventanas emergentes activadas moviendo el foco del teclado hacia ellas tan pronto como aparecen, y no permite que el foco se desv\u00ede fuera de ellas. Los usuarios tambi\u00e9n pueden utilizar atajos como \u201cM\u201d (men\u00fas), \u201cH\u201d (encabezados), \u201cF\u201d (formularios), \u201cB\u201d (botones) y \u201cG\u201d (gr\u00e1ficos) para saltar a elementos espec\u00edficos.  <\/li>\n<\/ol>\n\n<h3 class=\"wp-block-heading\">Perfiles de discapacidad admitidos en nuestro sitio web<\/h3>\n\n<ul class=\"wp-block-list\">\n<li><strong>Modo seguro para la epilepsia:<\/strong> este perfil permite a las personas con epilepsia utilizar el sitio web de forma segura eliminando el riesgo de convulsiones que resultan de animaciones parpadeantes o intermitentes y combinaciones de colores arriesgadas.<\/li>\n\n\n\n<li><strong>Modo para personas con discapacidad visual:<\/strong> este modo ajusta el sitio web para la comodidad de los usuarios con discapacidades visuales como la degradaci\u00f3n de la vista, la visi\u00f3n de t\u00fanel, las cataratas, el glaucoma y otras.<\/li>\n\n\n\n<li><strong>Modo para personas con discapacidad cognitiva:<\/strong> este modo proporciona diferentes opciones de asistencia para ayudar a los usuarios con discapacidades cognitivas como la dislexia, el autismo, el ACV y otras, a centrarse m\u00e1s f\u00e1cilmente en los elementos esenciales del sitio web.<\/li>\n\n\n\n<li><strong>Modo amigable para el TDAH:<\/strong> este modo ayuda a los usuarios con TDAH y trastornos del neurodesarrollo a leer, navegar y centrarse en los elementos principales del sitio web m\u00e1s f\u00e1cilmente, al tiempo que reduce significativamente las distracciones.<\/li>\n\n\n\n<li><strong>Modo ceguera:<\/strong> este modo configura el sitio web para que sea compatible con lectores de pantalla como JAWS, NVDA, VoiceOver y TalkBack. Un lector de pantalla es un software para usuarios ciegos que se instala en un ordenador y un tel\u00e9fono inteligente, y los sitios web deben ser compatibles con \u00e9l. <\/li>\n\n\n\n<li><strong>Perfil de navegaci\u00f3n con el teclado (personas con discapacidad motora):<\/strong> este perfil permite a las personas con discapacidad motora operar el sitio web utilizando las teclas de teclado Tab, May\u00fas+Tab y Enter. Los usuarios tambi\u00e9n pueden utilizar atajos como \u201cM\u201d (men\u00fas), \u201cH\u201d (encabezados), \u201cF\u201d (formularios), \u201cB\u201d (botones) y \u201cG\u201d (gr\u00e1ficos) para saltar a elementos espec\u00edficos. <\/li>\n<\/ul>\n\n<h3 class=\"wp-block-heading\">Ajustes adicionales de la interfaz de usuario, el dise\u00f1o y la legibilidad<\/h3>\n\n<ol class=\"wp-block-list\">\n<li><strong>Ajustes de fuente:<\/strong> los usuarios pueden aumentar y disminuir su tama\u00f1o, cambiar su familia (tipo), ajustar el espaciado, la alineaci\u00f3n, la altura de la l\u00ednea y m\u00e1s.<\/li>\n\n\n\n<li><strong>Ajustes de color:<\/strong> los usuarios pueden seleccionar varios perfiles de contraste de color como claro, oscuro, invertido y monocromo. Adem\u00e1s, los usuarios pueden intercambiar los esquemas de color de los t\u00edtulos, los textos y los fondos, con m\u00e1s de siete opciones de color diferentes. <\/li>\n\n\n\n<li><strong>Animaciones:<\/strong> las personas con epilepsia pueden detener todas las animaciones en ejecuci\u00f3n con el clic de un bot\u00f3n. Las animaciones controladas por la interfaz incluyen v\u00eddeos, GIFs y transiciones parpadeantes de CSS. <\/li>\n\n\n\n<li><strong>Resaltado de contenido:<\/strong> los usuarios pueden optar por enfatizar elementos importantes como enlaces y t\u00edtulos. Tambi\u00e9n pueden optar por resaltar solo los elementos enfocados o sobre los que se pasa el rat\u00f3n. <\/li>\n\n\n\n<li><strong>Silenciamiento de audio:<\/strong> los usuarios con aud\u00edfonos pueden experimentar dolores de cabeza u otros problemas debido a la reproducci\u00f3n autom\u00e1tica de audio. Esta opci\u00f3n permite a los usuarios silenciar todo el sitio web al instante. <\/li>\n\n\n\n<li><strong>Trastornos cognitivos:<\/strong> utilizamos un motor de b\u00fasqueda que est\u00e1 vinculado a Wikipedia y Wikcionario, lo que permite a las personas con trastornos cognitivos descifrar los significados de frases, iniciales, jerga y otros.<\/li>\n\n\n\n<li><strong>Funciones adicionales:<\/strong> ofrecemos a los usuarios la opci\u00f3n de cambiar el color y el tama\u00f1o del cursor, utilizar un modo de impresi\u00f3n, habilitar un teclado virtual y muchas otras funciones.<\/li>\n<\/ol>\n\n<h3 class=\"wp-block-heading\">Compatibilidad con navegadores y tecnolog\u00eda de asistencia<\/h3>\n\n<p>Nuestro objetivo es admitir la m\u00e1s amplia gama de navegadores y tecnolog\u00edas de asistencia posible, para que nuestros usuarios puedan elegir las herramientas que mejor se adapten a ellos, con el menor n\u00famero de limitaciones posible. Por lo tanto, hemos trabajado muy duro para poder admitir todos los principales sistemas que comprenden m\u00e1s del 95% de la cuota de mercado de usuarios, incluidos Google Chrome, Mozilla Firefox, Apple Safari, Opera y Microsoft Edge, JAWS y NVDA (lectores de pantalla). <\/p>\n\n<h3 class=\"wp-block-heading\">Notas, comentarios y opiniones<\/h3>\n\n<p>A pesar de nuestros mejores esfuerzos para permitir que cualquiera ajuste el sitio web a sus necesidades. Todav\u00eda puede haber p\u00e1ginas o secciones que no sean totalmente accesibles, que est\u00e9n en proceso de ser accesibles o que carezcan de una soluci\u00f3n tecnol\u00f3gica adecuada para hacerlas accesibles. A\u00fan as\u00ed, estamos mejorando continuamente nuestra accesibilidad, a\u00f1adiendo, actualizando y mejorando sus opciones y caracter\u00edsticas, y desarrollando y adoptando nuevas tecnolog\u00edas. Todo esto est\u00e1 destinado a alcanzar el nivel \u00f3ptimo de accesibilidad, siguiendo los avances tecnol\u00f3gicos. Para cualquier ayuda, p\u00f3ngase en contacto con    <\/p>\n","protected":false},"excerpt":{"rendered":"<p>Creemos firmemente que Internet debe estar disponible y ser accesible para cualquier persona, y nos comprometemos a proporcionar un sitio web que sea accesible para el p\u00fablico m\u00e1s amplio posible, independientemente de sus circunstancias y capacidades.<\/p>\n","protected":false},"author":1,"featured_media":0,"parent":0,"menu_order":0,"comment_status":"closed","ping_status":"closed","template":"","meta":{"_acf_changed":false,"footnotes":""},"class_list":["post-3599","page","type-page","status-publish","hentry"],"acf":[],"_links":{"self":[{"href":"https:\/\/raulwalter.com\/es\/wp-json\/wp\/v2\/pages\/3599","targetHints":{"allow":["GET"]}}],"collection":[{"href":"https:\/\/raulwalter.com\/es\/wp-json\/wp\/v2\/pages"}],"about":[{"href":"https:\/\/raulwalter.com\/es\/wp-json\/wp\/v2\/types\/page"}],"author":[{"embeddable":true,"href":"https:\/\/raulwalter.com\/es\/wp-json\/wp\/v2\/users\/1"}],"replies":[{"embeddable":true,"href":"https:\/\/raulwalter.com\/es\/wp-json\/wp\/v2\/comments?post=3599"}],"version-history":[{"count":1,"href":"https:\/\/raulwalter.com\/es\/wp-json\/wp\/v2\/pages\/3599\/revisions"}],"predecessor-version":[{"id":3600,"href":"https:\/\/raulwalter.com\/es\/wp-json\/wp\/v2\/pages\/3599\/revisions\/3600"}],"wp:attachment":[{"href":"https:\/\/raulwalter.com\/es\/wp-json\/wp\/v2\/media?parent=3599"}],"curies":[{"name":"wp","href":"https:\/\/api.w.org\/{rel}","templated":true}]}}