{"id":3602,"date":"2025-12-22T14:58:29","date_gmt":"2025-12-22T12:58:29","guid":{"rendered":"https:\/\/raulwalter.com\/carreras-profesionales\/"},"modified":"2026-01-10T11:57:49","modified_gmt":"2026-01-10T09:57:49","slug":"carreras-profesionales","status":"publish","type":"page","link":"https:\/\/raulwalter.com\/es\/carreras-profesionales\/","title":{"rendered":"Carreras profesionales"},"content":{"rendered":"\t\t<div data-elementor-type=\"wp-page\" data-elementor-id=\"3602\" class=\"elementor elementor-3602 elementor-1846\" data-elementor-post-type=\"page\">\n\t\t\t\t<div class=\"elementor-element elementor-element-a6000ee e-flex e-con-boxed e-con e-parent\" data-id=\"a6000ee\" data-element_type=\"container\">\n\t\t\t\t\t<div class=\"e-con-inner\">\n\t\t\t\t<div class=\"elementor-element elementor-element-d523143 elementor-widget elementor-widget-spacer\" data-id=\"d523143\" data-element_type=\"widget\" data-widget_type=\"spacer.default\">\n\t\t\t\t\t\t\t<div class=\"elementor-spacer\">\n\t\t\t<div class=\"elementor-spacer-inner\"><\/div>\n\t\t<\/div>\n\t\t\t\t\t\t<\/div>\n\t\t\t\t<div class=\"elementor-element elementor-element-21c24e0 elementor-widget elementor-widget-text-editor\" data-id=\"21c24e0\" data-element_type=\"widget\" data-widget_type=\"text-editor.default\">\n\t\t\t\t\t\t\t\t\t<p>Agradecemos a las personas que puedan resolver problemas complejos met\u00f3dicamente, trabajar de forma independiente y contribuir eficazmente dentro de un equipo. Ofrecemos un entorno de trabajo estable y profesional donde puede crecer con la experiencia y asumir responsabilidades tanto en funciones t\u00e9cnicas como estrat\u00e9gicas. RaulWalter valora una s\u00f3lida \u00e9tica de trabajo y altos est\u00e1ndares de calidad: <b>si esto le atrae, estamos listos para escucharle.<\/b>  <\/p>\t\t\t\t\t\t\t\t<\/div>\n\t\t\t\t<div class=\"elementor-element elementor-element-d44b9ac elementor-widget elementor-widget-heading\" data-id=\"d44b9ac\" data-element_type=\"widget\" data-widget_type=\"heading.default\">\n\t\t\t\t\t<h2 class=\"elementor-heading-title elementor-size-default\">Puestos disponibles:<\/h2>\t\t\t\t<\/div>\n\t\t\t\t<div class=\"elementor-element elementor-element-69ca493 elementor-grid-1 elementor-grid-tablet-1 elementor-grid-mobile-1 elementor-widget elementor-widget-loop-grid\" data-id=\"69ca493\" data-element_type=\"widget\" data-settings=\"{&quot;template_id&quot;:4045,&quot;lgefep_acf_repeater_tag&quot;:&quot;yes&quot;,&quot;columns&quot;:1,&quot;columns_tablet&quot;:1,&quot;_skin&quot;:&quot;post&quot;,&quot;columns_mobile&quot;:&quot;1&quot;,&quot;edit_handle_selector&quot;:&quot;[data-elementor-type=\\&quot;loop-item\\&quot;]&quot;,&quot;row_gap&quot;:{&quot;unit&quot;:&quot;px&quot;,&quot;size&quot;:&quot;&quot;,&quot;sizes&quot;:[]},&quot;row_gap_tablet&quot;:{&quot;unit&quot;:&quot;px&quot;,&quot;size&quot;:&quot;&quot;,&quot;sizes&quot;:[]},&quot;row_gap_mobile&quot;:{&quot;unit&quot;:&quot;px&quot;,&quot;size&quot;:&quot;&quot;,&quot;sizes&quot;:[]}}\" data-widget_type=\"loop-grid.post\">\n\t\t\t\t<div class=\"elementor-widget-container\">\n\t\t\t\t\t\t\t<div class=\"elementor-loop-container elementor-grid\" role=\"list\">\n\t\t<style id=\"loop-dynamic-4045\">.e-loop-item--360299999900 .elementor-element.elementor-element-48360bea:not(.elementor-motion-effects-element-type-background), .e-loop-item--360299999900 .elementor-element.elementor-element-48360bea > .elementor-motion-effects-container > .elementor-motion-effects-layer{background-image:url(\"https:\/\/raulwalter.com\/wp-content\/uploads\/2025\/12\/cybersecurity-scaled.jpg\");}<\/style><style id=\"loop-4045\">.elementor-4045 .elementor-element.elementor-element-48360bea{--display:flex;--min-height:120px;--justify-content:center;--background-transition:0.3s;--overlay-opacity:0.95;--border-radius:8px 8px 8px 8px;--padding-top:0px;--padding-bottom:0px;--padding-left:0px;--padding-right:0px;}.elementor-4045 .elementor-element.elementor-element-48360bea:not(.elementor-motion-effects-element-type-background), .elementor-4045 .elementor-element.elementor-element-48360bea > .elementor-motion-effects-container > .elementor-motion-effects-layer{background-color:var( --e-global-color-accent );background-position:center center;background-size:cover;}.elementor-4045 .elementor-element.elementor-element-48360bea:hover{background-color:var( --e-global-color-secondary );--overlay-opacity:0.85;}.elementor-4045 .elementor-element.elementor-element-48360bea::before, .elementor-4045 .elementor-element.elementor-element-48360bea > .elementor-background-video-container::before, .elementor-4045 .elementor-element.elementor-element-48360bea > .e-con-inner > .elementor-background-video-container::before, .elementor-4045 .elementor-element.elementor-element-48360bea > .elementor-background-slideshow::before, .elementor-4045 .elementor-element.elementor-element-48360bea > .e-con-inner > .elementor-background-slideshow::before, .elementor-4045 .elementor-element.elementor-element-48360bea > .elementor-motion-effects-container > .elementor-motion-effects-layer::before{background-color:var( --e-global-color-accent );--background-overlay:'';}.elementor-4045 .elementor-element.elementor-element-48360bea:hover::before, .elementor-4045 .elementor-element.elementor-element-48360bea:hover > .elementor-background-video-container::before, .elementor-4045 .elementor-element.elementor-element-48360bea:hover > .e-con-inner > .elementor-background-video-container::before, .elementor-4045 .elementor-element.elementor-element-48360bea > .elementor-background-slideshow:hover::before, .elementor-4045 .elementor-element.elementor-element-48360bea > .e-con-inner > .elementor-background-slideshow:hover::before{background-color:var( --e-global-color-accent );--background-overlay:'';}.elementor-4045 .elementor-element.elementor-element-6440a73d{--display:flex;--min-height:120px;--justify-content:center;--border-radius:8px 8px 8px 8px;--padding-top:24px;--padding-bottom:24px;--padding-left:24px;--padding-right:24px;}.elementor-4045 .elementor-element.elementor-element-6440a73d.e-con:hover{--e-con-transform-translateX:8px;}.elementor-widget-heading .elementor-heading-title{font-family:var( --e-global-typography-primary-font-family ), Helvetica, Arial, Sans-serif;font-size:var( --e-global-typography-primary-font-size );font-weight:var( --e-global-typography-primary-weight );color:var( --e-global-color-primary );}.elementor-4045 .elementor-element.elementor-element-2ef1748 .elementor-heading-title{font-family:\"Helvetica Neue\", Helvetica, Arial, Sans-serif;font-size:24px;font-weight:400;}@media(max-width:1024px){.elementor-widget-heading .elementor-heading-title{font-size:var( --e-global-typography-primary-font-size );font-weight:var( --e-global-typography-primary-weight );}}@media(max-width:767px){.elementor-widget-heading .elementor-heading-title{font-size:var( --e-global-typography-primary-font-size );font-weight:var( --e-global-typography-primary-weight );}}<\/style>\t\t<div data-elementor-type=\"loop-item\" data-elementor-id=\"4045\" class=\"elementor elementor-4045 elementor-1857 e-loop-item e-loop-item--360299999900 \" data-elementor-post-type=\"elementor_library\" data-custom-edit-handle=\"1\">\n\t\t\t<div class=\"elementor-element elementor-element-48360bea e-flex e-con-boxed e-con e-parent\" data-id=\"48360bea\" data-element_type=\"container\" data-settings=\"{&quot;background_background&quot;:&quot;classic&quot;}\">\n\t\t\t\t\t<div class=\"e-con-inner\">\n\t\t<div class=\"elementor-element elementor-element-6440a73d e-transform e-flex e-con-boxed e-con e-child\" data-id=\"6440a73d\" data-element_type=\"container\" data-settings=\"{&quot;_transform_translateX_effect_hover&quot;:{&quot;unit&quot;:&quot;px&quot;,&quot;size&quot;:8,&quot;sizes&quot;:[]},&quot;_transform_translateX_effect_hover_tablet&quot;:{&quot;unit&quot;:&quot;px&quot;,&quot;size&quot;:&quot;&quot;,&quot;sizes&quot;:[]},&quot;_transform_translateX_effect_hover_mobile&quot;:{&quot;unit&quot;:&quot;px&quot;,&quot;size&quot;:&quot;&quot;,&quot;sizes&quot;:[]},&quot;_transform_translateY_effect_hover&quot;:{&quot;unit&quot;:&quot;px&quot;,&quot;size&quot;:&quot;&quot;,&quot;sizes&quot;:[]},&quot;_transform_translateY_effect_hover_tablet&quot;:{&quot;unit&quot;:&quot;px&quot;,&quot;size&quot;:&quot;&quot;,&quot;sizes&quot;:[]},&quot;_transform_translateY_effect_hover_mobile&quot;:{&quot;unit&quot;:&quot;px&quot;,&quot;size&quot;:&quot;&quot;,&quot;sizes&quot;:[]}}\">\n\t\t\t\t\t<div class=\"e-con-inner\">\n\t\t\t\t<div class=\"elementor-element elementor-element-2ef1748 elementor-widget elementor-widget-heading\" data-id=\"2ef1748\" data-element_type=\"widget\" data-widget_type=\"heading.default\">\n\t\t\t\t\t<h3 class=\"elementor-heading-title elementor-size-default\">Especialista en ciberseguridad<\/h3>\t\t\t\t<\/div>\n\t\t\t\t\t<\/div>\n\t\t\t\t<\/div>\n\t\t\t\t\t<\/div>\n\t\t\t\t<\/div>\n\t\t\t\t<\/div>\n\t\t<style id=\"loop-dynamic-4045\">.e-loop-item--360299999901 .elementor-element.elementor-element-48360bea:not(.elementor-motion-effects-element-type-background), .e-loop-item--360299999901 .elementor-element.elementor-element-48360bea > .elementor-motion-effects-container > .elementor-motion-effects-layer{background-image:url(\"https:\/\/raulwalter.com\/wp-content\/uploads\/2025\/12\/governmental-hackers-performing-a-cyber-attack-sim-2025-02-19-23-41-21-utc-scaled.jpg\");}<\/style>\t\t<div data-elementor-type=\"loop-item\" data-elementor-id=\"4045\" class=\"elementor elementor-4045 elementor-1857 e-loop-item e-loop-item--360299999901 \" data-elementor-post-type=\"elementor_library\" data-custom-edit-handle=\"1\">\n\t\t\t<div class=\"elementor-element elementor-element-48360bea e-flex e-con-boxed e-con e-parent\" data-id=\"48360bea\" data-element_type=\"container\" data-settings=\"{&quot;background_background&quot;:&quot;classic&quot;}\">\n\t\t\t\t\t<div class=\"e-con-inner\">\n\t\t<div class=\"elementor-element elementor-element-6440a73d e-transform e-flex e-con-boxed e-con e-child\" data-id=\"6440a73d\" data-element_type=\"container\" data-settings=\"{&quot;_transform_translateX_effect_hover&quot;:{&quot;unit&quot;:&quot;px&quot;,&quot;size&quot;:8,&quot;sizes&quot;:[]},&quot;_transform_translateX_effect_hover_tablet&quot;:{&quot;unit&quot;:&quot;px&quot;,&quot;size&quot;:&quot;&quot;,&quot;sizes&quot;:[]},&quot;_transform_translateX_effect_hover_mobile&quot;:{&quot;unit&quot;:&quot;px&quot;,&quot;size&quot;:&quot;&quot;,&quot;sizes&quot;:[]},&quot;_transform_translateY_effect_hover&quot;:{&quot;unit&quot;:&quot;px&quot;,&quot;size&quot;:&quot;&quot;,&quot;sizes&quot;:[]},&quot;_transform_translateY_effect_hover_tablet&quot;:{&quot;unit&quot;:&quot;px&quot;,&quot;size&quot;:&quot;&quot;,&quot;sizes&quot;:[]},&quot;_transform_translateY_effect_hover_mobile&quot;:{&quot;unit&quot;:&quot;px&quot;,&quot;size&quot;:&quot;&quot;,&quot;sizes&quot;:[]}}\">\n\t\t\t\t\t<div class=\"e-con-inner\">\n\t\t\t\t<div class=\"elementor-element elementor-element-2ef1748 elementor-widget elementor-widget-heading\" data-id=\"2ef1748\" data-element_type=\"widget\" data-widget_type=\"heading.default\">\n\t\t\t\t\t<h3 class=\"elementor-heading-title elementor-size-default\">Desarrollador s\u00e9nior<\/h3>\t\t\t\t<\/div>\n\t\t\t\t\t<\/div>\n\t\t\t\t<\/div>\n\t\t\t\t\t<\/div>\n\t\t\t\t<\/div>\n\t\t\t\t<\/div>\n\t\t\t\t<\/div>\n\t\t\n\t\t\t\t\t\t<\/div>\n\t\t\t\t<\/div>\n\t\t\t\t\t<\/div>\n\t\t\t\t<\/div>\n\t\t\t\t<\/div>\n\t\t","protected":false},"excerpt":{"rendered":"<p>RaulWalter busca profesionales que valoren la precisi\u00f3n, la responsabilidad y las contribuciones significativas al desarrollo de soluciones digitales cr\u00edticas. Nuestros proyectos abarcan la identidad digital, la gesti\u00f3n de datos, la ciberseguridad y el desarrollo de software, campos en los que cada miembro del equipo influye directamente en la fiabilidad y la seguridad de las operaciones de nuestros clientes. <\/p>\n","protected":false},"author":1,"featured_media":3601,"parent":0,"menu_order":0,"comment_status":"closed","ping_status":"closed","template":"","meta":{"_acf_changed":false,"footnotes":""},"class_list":["post-3602","page","type-page","status-publish","has-post-thumbnail","hentry"],"acf":[],"_links":{"self":[{"href":"https:\/\/raulwalter.com\/es\/wp-json\/wp\/v2\/pages\/3602","targetHints":{"allow":["GET"]}}],"collection":[{"href":"https:\/\/raulwalter.com\/es\/wp-json\/wp\/v2\/pages"}],"about":[{"href":"https:\/\/raulwalter.com\/es\/wp-json\/wp\/v2\/types\/page"}],"author":[{"embeddable":true,"href":"https:\/\/raulwalter.com\/es\/wp-json\/wp\/v2\/users\/1"}],"replies":[{"embeddable":true,"href":"https:\/\/raulwalter.com\/es\/wp-json\/wp\/v2\/comments?post=3602"}],"version-history":[{"count":1,"href":"https:\/\/raulwalter.com\/es\/wp-json\/wp\/v2\/pages\/3602\/revisions"}],"predecessor-version":[{"id":3603,"href":"https:\/\/raulwalter.com\/es\/wp-json\/wp\/v2\/pages\/3602\/revisions\/3603"}],"wp:featuredmedia":[{"embeddable":true,"href":"https:\/\/raulwalter.com\/es\/wp-json\/wp\/v2\/media\/3601"}],"wp:attachment":[{"href":"https:\/\/raulwalter.com\/es\/wp-json\/wp\/v2\/media?parent=3602"}],"curies":[{"name":"wp","href":"https:\/\/api.w.org\/{rel}","templated":true}]}}