{"id":3605,"date":"2025-11-26T14:09:28","date_gmt":"2025-11-26T12:09:28","guid":{"rendered":"https:\/\/raulwalter.com\/pongase-en-contacto\/"},"modified":"2026-01-10T11:58:16","modified_gmt":"2026-01-10T09:58:16","slug":"pongase-en-contacto","status":"publish","type":"page","link":"https:\/\/raulwalter.com\/es\/pongase-en-contacto\/","title":{"rendered":"P\u00f3ngase en contacto"},"content":{"rendered":"\t\t<div data-elementor-type=\"wp-page\" data-elementor-id=\"3605\" class=\"elementor elementor-3605 elementor-999\" data-elementor-post-type=\"page\">\n\t\t\t\t<div class=\"elementor-element elementor-element-0c1c9ef e-con-full e-flex e-con e-parent\" data-id=\"0c1c9ef\" data-element_type=\"container\">\n\t\t<div class=\"elementor-element elementor-element-7861a7f e-con-full e-grid e-con e-child\" data-id=\"7861a7f\" data-element_type=\"container\">\n\t\t<div class=\"elementor-element elementor-element-042b51a e-con-full e-flex e-con e-child\" data-id=\"042b51a\" data-element_type=\"container\">\n\t\t\t\t<div class=\"elementor-element elementor-element-55a02a3 elementor-widget elementor-widget-heading\" data-id=\"55a02a3\" data-element_type=\"widget\" data-widget_type=\"heading.default\">\n\t\t\t\t\t<h2 class=\"elementor-heading-title elementor-size-default\"> RaulWalter, LLC<\/h2>\t\t\t\t<\/div>\n\t\t\t\t<div class=\"elementor-element elementor-element-3bdb2f3 elementor-widget-mobile__width-initial elementor-align-start elementor-icon-list--layout-traditional elementor-list-item-link-full_width elementor-invisible elementor-widget elementor-widget-icon-list\" data-id=\"3bdb2f3\" data-element_type=\"widget\" data-settings=\"{&quot;_animation&quot;:&quot;fadeIn&quot;}\" data-widget_type=\"icon-list.default\">\n\t\t\t\t\t\t\t<ul class=\"elementor-icon-list-items\">\n\t\t\t\t\t\t\t<li class=\"elementor-icon-list-item\">\n\t\t\t\t\t\t\t\t\t\t<span class=\"elementor-icon-list-text\">+372 44 515 44<\/span>\n\t\t\t\t\t\t\t\t\t<\/li>\n\t\t\t\t\t\t\t\t<li class=\"elementor-icon-list-item\">\n\t\t\t\t\t\t\t\t\t\t<span class=\"elementor-icon-list-text\">info@raulwalter.com<\/span>\n\t\t\t\t\t\t\t\t\t<\/li>\n\t\t\t\t\t\t\t\t<li class=\"elementor-icon-list-item\">\n\t\t\t\t\t\t\t\t\t\t<span class=\"elementor-icon-list-text\">R\u00fc\u00fctli 11, 10130 Tallin, Estonia<\/span>\n\t\t\t\t\t\t\t\t\t<\/li>\n\t\t\t\t\t\t\t\t<li class=\"elementor-icon-list-item\">\n\t\t\t\t\t\t\t\t\t\t<span class=\"elementor-icon-list-text\">C\u00f3digo de registro: 11489659<\/span>\n\t\t\t\t\t\t\t\t\t<\/li>\n\t\t\t\t\t\t\t\t<li class=\"elementor-icon-list-item\">\n\t\t\t\t\t\t\t\t\t\t<span class=\"elementor-icon-list-text\">IVA: EE101221982<\/span>\n\t\t\t\t\t\t\t\t\t<\/li>\n\t\t\t\t\t\t\t\t<li class=\"elementor-icon-list-item\">\n\t\t\t\t\t\t\t\t\t\t<span class=\"elementor-icon-list-text\">N\u00famero D-U-N-S: 565466186<\/span>\n\t\t\t\t\t\t\t\t\t<\/li>\n\t\t\t\t\t\t<\/ul>\n\t\t\t\t\t\t<\/div>\n\t\t\t\t<\/div>\n\t\t<div class=\"elementor-element elementor-element-247ddd6 e-con-full e-flex e-con e-child\" data-id=\"247ddd6\" data-element_type=\"container\">\n\t\t\t\t<div class=\"elementor-element elementor-element-7b727e0 elementor-widget elementor-widget-text-editor\" data-id=\"7b727e0\" data-element_type=\"widget\" data-widget_type=\"text-editor.default\">\n\t\t\t\t\t\t\t\t\t<p>Si necesita compartir informaci\u00f3n confidencial con nosotros, le recomendamos que utilice un cifrado seguro. Nuestro identificador de clave p\u00fablica PGP es: <br><strong>C522 5C35 D863 993D 369F E198 0316 9F2F 3F15 3540<\/strong><\/p>\t\t\t\t\t\t\t\t<\/div>\n\t\t\t\t<div class=\"elementor-element elementor-element-a73df3d elementor-widget elementor-widget-text-editor\" data-id=\"a73df3d\" data-element_type=\"widget\" data-widget_type=\"text-editor.default\">\n\t\t\t\t\t\t\t\t\t<p>Trabajamos en proyectos en todo el mundo y estamos listos para contribuir tanto a programas estrat\u00e9gicos a largo plazo como a compromisos t\u00e9cnicos a corto plazo. Si desea programar una reuni\u00f3n o consulta, p\u00f3ngase en contacto con nosotros por tel\u00e9fono o correo electr\u00f3nico. <\/p>\t\t\t\t\t\t\t\t<\/div>\n\t\t\t\t<\/div>\n\t\t\t\t<\/div>\n\t\t\t\t<\/div>\n\t\t\t\t<\/div>\n\t\t","protected":false},"excerpt":{"rendered":"<p> Si desea hablar sobre la gesti\u00f3n de identidades, el gobierno de datos o los desaf\u00edos de la ciberseguridad, estamos<br \/>\nlistos para explorarlos con usted y desarrollar soluciones que respalden tanto los objetivos estrat\u00e9gicos como<br \/>\nlas necesidades pr\u00e1cticas. Todas las consultas llegan directamente a nuestro equipo y respondemos de forma r\u00e1pida y sustantiva.<br \/>\nLa oficina de RaulWalter se encuentra en Tallin y trabajamos con proyectos en todo el mundo.<\/p>\n","protected":false},"author":1,"featured_media":3604,"parent":0,"menu_order":0,"comment_status":"closed","ping_status":"closed","template":"","meta":{"_acf_changed":false,"footnotes":""},"class_list":["post-3605","page","type-page","status-publish","has-post-thumbnail","hentry"],"acf":[],"_links":{"self":[{"href":"https:\/\/raulwalter.com\/es\/wp-json\/wp\/v2\/pages\/3605","targetHints":{"allow":["GET"]}}],"collection":[{"href":"https:\/\/raulwalter.com\/es\/wp-json\/wp\/v2\/pages"}],"about":[{"href":"https:\/\/raulwalter.com\/es\/wp-json\/wp\/v2\/types\/page"}],"author":[{"embeddable":true,"href":"https:\/\/raulwalter.com\/es\/wp-json\/wp\/v2\/users\/1"}],"replies":[{"embeddable":true,"href":"https:\/\/raulwalter.com\/es\/wp-json\/wp\/v2\/comments?post=3605"}],"version-history":[{"count":1,"href":"https:\/\/raulwalter.com\/es\/wp-json\/wp\/v2\/pages\/3605\/revisions"}],"predecessor-version":[{"id":3606,"href":"https:\/\/raulwalter.com\/es\/wp-json\/wp\/v2\/pages\/3605\/revisions\/3606"}],"wp:featuredmedia":[{"embeddable":true,"href":"https:\/\/raulwalter.com\/es\/wp-json\/wp\/v2\/media\/3604"}],"wp:attachment":[{"href":"https:\/\/raulwalter.com\/es\/wp-json\/wp\/v2\/media?parent=3605"}],"curies":[{"name":"wp","href":"https:\/\/api.w.org\/{rel}","templated":true}]}}