{"id":3834,"date":"2025-10-09T00:36:49","date_gmt":"2025-10-08T21:36:49","guid":{"rendered":"https:\/\/raulwalter.com\/politica-de-privacidad\/"},"modified":"2026-01-14T13:33:20","modified_gmt":"2026-01-14T11:33:20","slug":"politica-de-privacidad","status":"publish","type":"page","link":"https:\/\/raulwalter.com\/es\/politica-de-privacidad\/","title":{"rendered":"Pol\u00edtica de privacidad"},"content":{"rendered":"\n<h3 class=\"wp-block-heading\"><strong>Pol\u00edtica de privacidad de RaulWalter.com<\/strong><\/h3>\n\n<p><strong>Fecha de entrada en vigor:<\/strong> 14 de enero de 2026<\/p>\n\n<p><strong>1. Introducci\u00f3n<\/strong><\/p>\n\n<p>Esta Pol\u00edtica de privacidad describe c\u00f3mo RaulWalter O\u00dc (\u00abnosotros\u00bb, \u00abnos\u00bb, \u00abnuestro\u00bb), el operador de RaulWalter.com (el \u00abSitio\u00bb), gestiona la informaci\u00f3n. RaulWalter O\u00dc es el responsable del tratamiento de los datos procesados en relaci\u00f3n con este Sitio. <\/p>\n\n<p>Nos comprometemos a proteger su privacidad y a recopilar la cantidad m\u00ednima de informaci\u00f3n necesaria para el funcionamiento de nuestro Sitio.<\/p>\n\n<p><strong>2. Nuestra filosof\u00eda de recopilaci\u00f3n de datos<\/strong><\/p>\n\n<p>Nuestro enfoque de la privacidad es simple: recopilamos la menor cantidad posible de datos personales. Si bien utilizamos registros t\u00e9cnicos esenciales y an\u00e1lisis b\u00e1sicos para comprender el rendimiento del sitio, este sitio est\u00e1 dise\u00f1ado para funcionar sin la necesidad de una recopilaci\u00f3n activa de datos personales de nuestros visitantes. <\/p>\n\n<p><strong>3. Informaci\u00f3n que NO recopilamos<\/strong><\/p>\n\n<p>Para ser totalmente transparentes, queremos aclarar lo que <strong>no<\/strong> hacemos:<\/p>\n\n<ul class=\"wp-block-list\">\n<li><strong>Cuentas de usuario:<\/strong> No tenemos un sistema de registro o inicio de sesi\u00f3n de usuarios, por lo que no recopilamos informaci\u00f3n personal relacionada con las cuentas de usuario (como nombres, nombres de usuario o contrase\u00f1as).<\/li>\n\n\n\n<li><strong>Formularios:<\/strong> No tenemos formularios de contacto, secciones de comentarios u otros formularios que recopilen activamente informaci\u00f3n personal como su nombre, direcci\u00f3n de correo electr\u00f3nico o n\u00famero de tel\u00e9fono.<\/li>\n<\/ul>\n\n<p><strong>4. Informaci\u00f3n que procesamos y por qu\u00e9<\/strong><\/p>\n\n<p>Como pr\u00e1cticamente todos los sitios web, nuestro servidor web recopila autom\u00e1ticamente informaci\u00f3n t\u00e9cnica est\u00e1ndar en los registros del servidor. Adem\u00e1s, utilizamos <strong>Google Analytics<\/strong> para comprender c\u00f3mo interact\u00faan los visitantes con nuestro sitio. <\/p>\n\n<p><strong>An\u00e1lisis:<\/strong> A trav\u00e9s de Google Analytics, recopilamos informaci\u00f3n como las p\u00e1ginas que visita y el tiempo que pasa en el sitio. Hemos implementado el <strong>anonimato de la IP<\/strong>, lo que significa que su direcci\u00f3n IP se enmascara antes del almacenamiento. Este procesamiento se basa en su <strong>consentimiento<\/strong> (Art. 6(1)(a) del RGPD) proporcionado a trav\u00e9s de nuestro banner de cookies.  <\/p>\n\n<p><strong>Registros del servidor:<\/strong> Incluye su direcci\u00f3n IP, fecha\/hora de la visita, p\u00e1ginas a las que se accedi\u00f3, tipo de navegador y sistema operativo. Esto se procesa bajo nuestro <strong>inter\u00e9s leg\u00edtimo<\/strong> (Art. 6(1)(f) del RGPD) para garantizar la seguridad y la funcionalidad. <\/p>\n\n<p>Los datos procesados incluyen:<\/p>\n\n<ul class=\"wp-block-list\">\n<li>Su direcci\u00f3n IP<\/li>\n\n\n\n<li>La fecha y hora de su visita<\/li>\n\n\n\n<li>Las p\u00e1ginas a las que accedi\u00f3 en nuestro Sitio<\/li>\n\n\n\n<li>Su tipo y versi\u00f3n de navegador<\/li>\n\n\n\n<li>Su sistema operativo<\/li>\n\n\n\n<li>El sitio web de referencia (si sigui\u00f3 un enlace a nuestro Sitio)<\/li>\n<\/ul>\n\n<p>La base legal para el procesamiento de estos datos es nuestro <strong>inter\u00e9s leg\u00edtimo<\/strong> (seg\u00fan el Art. 6(1)(f) del RGPD) para garantizar la funcionalidad t\u00e9cnica, la seguridad y la integridad de nuestro Sitio, y para diagnosticar y prevenir problemas t\u00e9cnicos o ataques de seguridad. Estos datos se utilizan exclusivamente para estos fines y no se utilizan para identificarle personalmente. <\/p>\n\n<p><strong>5. Intercambio de datos y terceros<\/strong><\/p>\n\n<p>No vendemos ni comercializamos sus datos. Los datos se comparten con los siguientes procesadores para operar el sitio: <\/p>\n\n<p><strong>Google Ireland Limited:<\/strong> Procesa datos anal\u00edticos anonimizados. Los datos pueden transferirse a servidores de Google fuera del EEE; sin embargo, esto se rige por las Cl\u00e1usulas Contractuales Est\u00e1ndar para garantizar la protecci\u00f3n de los datos. <\/p>\n\n<p><strong>Proveedor de alojamiento:<\/strong> Los datos de registro del servidor son procesados por nuestro proveedor de alojamiento web, que act\u00faa como procesador de datos en nuestro nombre. Est\u00e1n contractualmente obligados a mantener los datos seguros y solo procesarlos de acuerdo con nuestras instrucciones. No divulgaremos estos datos a ning\u00fan otro tercero a menos que estemos legalmente obligados a hacerlo por una orden judicial o una solicitud gubernamental.  <\/p>\n\n<p><strong>6. Cookies<\/strong> <\/p>\n\n<p>Utilizamos cookies (peque\u00f1os archivos de texto que se colocan en su dispositivo) para habilitar Google Analytics. Estas cookies nos ayudan a distinguir visitantes \u00fanicos y datos de sesi\u00f3n. Puede optar por rechazar estas cookies a trav\u00e9s del banner en nuestro sitio o ajustando la configuraci\u00f3n de su navegador. Tambi\u00e9n respetamos las se\u00f1ales de \u00abNo rastrear\u00bb.   <\/p>\n\n<p><strong>7. Retenci\u00f3n de datos<\/strong><\/p>\n\n<p>Los <strong>registros del servidor<\/strong> normalmente se conservan durante 90 d\u00edas por motivos de seguridad.<\/p>\n\n<p>Los <strong>datos de an\u00e1lisis<\/strong> son retenidos por Google Analytics de acuerdo con sus per\u00edodos de retenci\u00f3n est\u00e1ndar (normalmente 14 meses), despu\u00e9s de los cuales se eliminan o se agregan.<\/p>\n\n<p><strong>8. Sus derechos en virtud del RGPD<\/strong><\/p>\n\n<p>Dado que nuestro Sitio se opera desde Estonia (un estado miembro de la UE), usted tiene derechos en virtud del Reglamento General de Protecci\u00f3n de Datos (RGPD). Aunque recopilamos datos m\u00ednimos, usted tiene derecho a: <\/p>\n\n<ul class=\"wp-block-list\">\n<li>Solicitar el acceso a los datos personales que tenemos sobre usted.<\/li>\n\n\n\n<li>Solicitar la correcci\u00f3n de cualquier dato incorrecto.<\/li>\n\n\n\n<li>Solicitar la supresi\u00f3n de sus datos personales.<\/li>\n\n\n\n<li>Oponerse al procesamiento de sus datos.<\/li>\n\n\n\n<li>Solicitar la restricci\u00f3n del procesamiento.<\/li>\n<\/ul>\n\n<p>Para ejercer estos derechos, p\u00f3ngase en contacto con nosotros utilizando los datos que figuran a continuaci\u00f3n.<\/p>\n\n<p><strong>9. Enlaces a otros sitios web<\/strong><\/p>\n\n<p>Nuestro Sitio puede contener enlaces a otros sitios web que no son operados por nosotros. Si hace clic en un enlace de un tercero, ser\u00e1 dirigido al sitio de ese tercero. Le aconsejamos encarecidamente que revise la Pol\u00edtica de privacidad de cada sitio que visite. No tenemos control ni asumimos ninguna responsabilidad por el contenido o las pr\u00e1cticas de privacidad de los sitios de terceros.   <\/p>\n\n<p><strong>10. Cambios en esta pol\u00edtica de privacidad<\/strong><\/p>\n\n<p>Es posible que actualicemos esta Pol\u00edtica de privacidad de vez en cuando. Le notificaremos cualquier cambio publicando la nueva Pol\u00edtica de privacidad en esta p\u00e1gina. Se le aconseja que revise esta Pol\u00edtica de privacidad peri\u00f3dicamente para comprobar si hay cambios.  <\/p>\n\n<p><strong>11. Cont\u00e1ctenos \/ Controlador de datos<\/strong><\/p>\n\n<p>Si tiene alguna pregunta sobre esta Pol\u00edtica de privacidad, p\u00f3ngase en contacto con nosotros. Puede encontrar nuestra informaci\u00f3n de contacto <strong><a href=\"https:\/\/raulwalter.com\/es\/pongase-en-contacto\/\">aqu\u00ed<\/a><\/strong>. <\/p>\n\n<p><\/p>\n","protected":false},"excerpt":{"rendered":"<p>Pol\u00edtica de privacidad de RaulWalter.com Fecha de entrada en vigor: 14 de enero de 2026 1. Introducci\u00f3n Esta Pol\u00edtica de privacidad describe c\u00f3mo RaulWalter O\u00dc (\u00abnosotros\u00bb, \u00abnos\u00bb, \u00abnuestro\u00bb), el operador de RaulWalter.com (el \u00abSitio\u00bb), gestiona la informaci\u00f3n. RaulWalter O\u00dc es el responsable del tratamiento de los datos procesados en relaci\u00f3n con este Sitio. Nos comprometemos [&hellip;]<\/p>\n","protected":false},"author":1,"featured_media":0,"parent":0,"menu_order":0,"comment_status":"closed","ping_status":"closed","template":"","meta":{"_acf_changed":false,"footnotes":""},"class_list":["post-3834","page","type-page","status-publish","hentry"],"acf":[],"_links":{"self":[{"href":"https:\/\/raulwalter.com\/es\/wp-json\/wp\/v2\/pages\/3834","targetHints":{"allow":["GET"]}}],"collection":[{"href":"https:\/\/raulwalter.com\/es\/wp-json\/wp\/v2\/pages"}],"about":[{"href":"https:\/\/raulwalter.com\/es\/wp-json\/wp\/v2\/types\/page"}],"author":[{"embeddable":true,"href":"https:\/\/raulwalter.com\/es\/wp-json\/wp\/v2\/users\/1"}],"replies":[{"embeddable":true,"href":"https:\/\/raulwalter.com\/es\/wp-json\/wp\/v2\/comments?post=3834"}],"version-history":[{"count":3,"href":"https:\/\/raulwalter.com\/es\/wp-json\/wp\/v2\/pages\/3834\/revisions"}],"predecessor-version":[{"id":4311,"href":"https:\/\/raulwalter.com\/es\/wp-json\/wp\/v2\/pages\/3834\/revisions\/4311"}],"wp:attachment":[{"href":"https:\/\/raulwalter.com\/es\/wp-json\/wp\/v2\/media?parent=3834"}],"curies":[{"name":"wp","href":"https:\/\/api.w.org\/{rel}","templated":true}]}}