{"id":3836,"date":"2025-10-09T00:37:03","date_gmt":"2025-10-08T21:37:03","guid":{"rendered":"https:\/\/raulwalter.com\/condiciones-del-servicio\/"},"modified":"2026-01-14T13:33:25","modified_gmt":"2026-01-14T11:33:25","slug":"condiciones-del-servicio","status":"publish","type":"page","link":"https:\/\/raulwalter.com\/es\/condiciones-del-servicio\/","title":{"rendered":"Condiciones del servicio"},"content":{"rendered":"\n<h3 class=\"wp-block-heading\"><strong>Condiciones del servicio de RaulWalter.com<\/strong><\/h3>\n\n<p><strong>Fecha de entrada en vigor:<\/strong> 14 de enero de 2026<\/p>\n\n<p><strong>1. Introducci\u00f3n<\/strong><\/p>\n\n<p>Bienvenido a RaulWalter.com (el \u00abSitio\u00bb). Este sitio web es propiedad de RaulWalter O\u00dc, una sociedad de responsabilidad limitada registrada en la Rep\u00fablica de Estonia, y est\u00e1 operado por ella (\u00abnosotros\u00bb, \u00abnos\u00bb, \u00abnuestro\u00bb). <\/p>\n\n<p>Al acceder a este Sitio y utilizarlo, usted, el usuario (\u00abusted\u00bb), acepta cumplir y estar sujeto a las siguientes condiciones de uso (las \u00abCondiciones\u00bb). Si no est\u00e1 de acuerdo con estas Condiciones, no debe utilizar nuestro Sitio. <\/p>\n\n<p><strong>2. Derechos de propiedad intelectual<\/strong><\/p>\n\n<p>Todo el contenido presente en este Sitio, incluyendo, entre otros, texto, gr\u00e1ficos, logotipos, im\u00e1genes, clips de audio, descargas digitales y software, es propiedad de RaulWalter O\u00dc o de sus proveedores de contenido y est\u00e1 protegido por las leyes de derechos de autor estonias e internacionales.<\/p>\n\n<p>El contenido incluye tanto obras originales creadas por RaulWalter O\u00dc como im\u00e1genes o materiales con licencia de terceros para su uso en este Sitio. Todos los derechos est\u00e1n reservados. <\/p>\n\n<p><strong>3. Uso permitido<\/strong><\/p>\n\n<p>Se le concede una licencia limitada para acceder y hacer un uso personal y no comercial de este Sitio. Puede ver las p\u00e1ginas y el contenido en la pantalla de su ordenador para sus propios fines privados. <\/p>\n\n<p><strong>4. Uso prohibido<\/strong><\/p>\n\n<p>Est\u00e1 expresamente prohibido:<\/p>\n\n<ul class=\"wp-block-list\">\n<li>Reproducir, copiar, duplicar, vender, revender o explotar de cualquier otro modo cualquier material de este Sitio con fines comerciales sin el consentimiento expreso por escrito de nuestra parte.<\/li>\n\n\n\n<li>Descargar (que no sea el almacenamiento en cach\u00e9 de p\u00e1ginas), modificar o alterar de cualquier otro modo cualquier parte del Sitio.<\/li>\n\n\n\n<li>Utilizar cualquier herramienta de miner\u00eda de datos, robots o herramientas similares de recopilaci\u00f3n y extracci\u00f3n de datos.<\/li>\n\n\n\n<li>Utilizar cualquier contenido, incluyendo im\u00e1genes y texto, de este Sitio en cualquier otro sitio web o en un entorno inform\u00e1tico en red para cualquier fin.<\/li>\n\n\n\n<li>Cualquier acci\u00f3n que imponga una carga irrazonable o desproporcionadamente grande en la infraestructura del Sitio.<\/li>\n<\/ul>\n\n<p>Cualquier uso no autorizado pone fin al permiso o licencia concedida por RaulWalter O\u00dc.<\/p>\n\n<p><strong>5. Privacidad y recopilaci\u00f3n de datos<\/strong><\/p>\n\n<p>Respetamos su privacidad. Este Sitio no cuenta con funcionalidades de inicio de sesi\u00f3n de usuario, formularios de contacto ni secciones de comentarios. <\/p>\n\n<p>Recopilamos informaci\u00f3n an\u00f3nima, como el n\u00famero de visitantes al sitio y las p\u00e1ginas m\u00e1s populares. Para ello, utilizamos <strong>cookies<\/strong> para procesar peque\u00f1as cantidades de datos y comprender c\u00f3mo interact\u00faa con el sitio; sin embargo, no recopilamos informaci\u00f3n personal directamente identificable. <\/p>\n\n<p>En caso de que esta pol\u00edtica cambie en el futuro, estas Condiciones se actualizar\u00e1n en consecuencia.<\/p>\n\n<p><strong>6. Exclusi\u00f3n de garant\u00edas y limitaci\u00f3n de responsabilidad<\/strong><\/p>\n\n<p>Este Sitio es proporcionado por RaulWalter O\u00dc \u00abTAL CUAL\u00bb y \u00abSEG\u00daN DISPONIBILIDAD\u00bb. No realizamos ninguna declaraci\u00f3n ni garant\u00eda de ning\u00fan tipo, expresa o impl\u00edcita, en cuanto al funcionamiento de este Sitio o la informaci\u00f3n, el contenido o los materiales incluidos en este Sitio. Usted acepta expresamente que el uso que haga de este Sitio es por su cuenta y riesgo.  <\/p>\n\n<p>RaulWalter O\u00dc no garantiza que el Sitio, sus servidores o los correos electr\u00f3nicos enviados desde nosotros est\u00e9n libres de virus u otros componentes da\u00f1inos. No seremos responsables de ning\u00fan da\u00f1o de ning\u00fan tipo que surja del uso de este Sitio, incluyendo, entre otros, los da\u00f1os directos, indirectos, incidentales, punitivos y consecuentes. <\/p>\n\n<p><strong>7. Cambios en las Condiciones<\/strong><\/p>\n\n<p>Nos reservamos el derecho de realizar cambios en nuestro Sitio, pol\u00edticas y estas Condiciones del servicio en cualquier momento. Le recomendamos que revise las Condiciones peri\u00f3dicamente. Su uso continuado del Sitio despu\u00e9s de cualquier cambio constituye su aceptaci\u00f3n de las nuevas Condiciones.  <\/p>\n\n<p><strong>8. Legislaci\u00f3n aplicable y jurisdicci\u00f3n<\/strong><\/p>\n\n<p>Estas Condiciones se regir\u00e1n e interpretar\u00e1n de acuerdo con las leyes de la Rep\u00fablica de Estonia.<\/p>\n\n<p>Cualquier disputa que surja de estas Condiciones o de su uso del Sitio estar\u00e1 sujeta a la jurisdicci\u00f3n exclusiva del Tribunal del Condado de Harju en Tallin, Estonia.<\/p>\n\n<p><strong>9. Informaci\u00f3n de contacto<\/strong><\/p>\n\n<p>Si tiene alguna pregunta sobre estas Condiciones, p\u00f3ngase en contacto con nosotros.<\/p>\n","protected":false},"excerpt":{"rendered":"<p>Condiciones del servicio de RaulWalter.com Fecha de entrada en vigor: 14 de enero de 2026 1. Introducci\u00f3n Bienvenido a RaulWalter.com (el \u00abSitio\u00bb). Este sitio web es propiedad de RaulWalter O\u00dc, una sociedad de responsabilidad limitada registrada en la Rep\u00fablica de Estonia, y est\u00e1 operado por ella (\u00abnosotros\u00bb, \u00abnos\u00bb, \u00abnuestro\u00bb). Al acceder a este Sitio y [&hellip;]<\/p>\n","protected":false},"author":1,"featured_media":0,"parent":0,"menu_order":0,"comment_status":"closed","ping_status":"closed","template":"","meta":{"_acf_changed":false,"footnotes":""},"class_list":["post-3836","page","type-page","status-publish","hentry"],"acf":[],"_links":{"self":[{"href":"https:\/\/raulwalter.com\/es\/wp-json\/wp\/v2\/pages\/3836","targetHints":{"allow":["GET"]}}],"collection":[{"href":"https:\/\/raulwalter.com\/es\/wp-json\/wp\/v2\/pages"}],"about":[{"href":"https:\/\/raulwalter.com\/es\/wp-json\/wp\/v2\/types\/page"}],"author":[{"embeddable":true,"href":"https:\/\/raulwalter.com\/es\/wp-json\/wp\/v2\/users\/1"}],"replies":[{"embeddable":true,"href":"https:\/\/raulwalter.com\/es\/wp-json\/wp\/v2\/comments?post=3836"}],"version-history":[{"count":3,"href":"https:\/\/raulwalter.com\/es\/wp-json\/wp\/v2\/pages\/3836\/revisions"}],"predecessor-version":[{"id":4316,"href":"https:\/\/raulwalter.com\/es\/wp-json\/wp\/v2\/pages\/3836\/revisions\/4316"}],"wp:attachment":[{"href":"https:\/\/raulwalter.com\/es\/wp-json\/wp\/v2\/media?parent=3836"}],"curies":[{"name":"wp","href":"https:\/\/api.w.org\/{rel}","templated":true}]}}